{"id":985,"date":"2015-01-26T11:45:43","date_gmt":"2015-01-26T10:45:43","guid":{"rendered":"http:\/\/bandits-mages.antrepeaux.net\/site2015\/?page_id=985"},"modified":"2017-07-26T15:55:21","modified_gmt":"2017-07-26T13:55:21","slug":"partenaires","status":"publish","type":"page","link":"https:\/\/bandits-mages.antrepeaux.net\/es\/partenaires\/","title":{"rendered":"Partenaires"},"content":{"rendered":"<p class=\"qtranxs-available-languages-message qtranxs-available-languages-message-es\">Disculpa, pero esta entrada est\u00e1 disponible s\u00f3lo en <a href=\"https:\/\/bandits-mages.antrepeaux.net\/fr\/wp-json\/wp\/v2\/pages\/985\" class=\"qtranxs-available-language-link qtranxs-available-language-link-fr\" title=\"FR\">Franc\u00e9s<\/a> y <a href=\"https:\/\/bandits-mages.antrepeaux.net\/en\/wp-json\/wp\/v2\/pages\/985\" class=\"qtranxs-available-language-link qtranxs-available-language-link-en\" title=\"EN\">Ingl\u00e9s Estadounidense<\/a>. For the sake of viewer convenience, the content is shown below in this site default language. You may click one of the links to switch the site language to another available language.<\/p><strong>Bandits-Mages b\u00e9n\u00e9ficie du soutien de la\u00a0DRAC Centre-Val de Loire, de la\u00a0R\u00e9gion Centre-Val de Loire, du D\u00e9partement du Cher et de la\u00a0Ville de Bourges.<\/strong><\/p>\n<div><strong>R\u00e9seaux associ\u00e9s :<\/strong><\/div>\n<div><\/div>\n<ul>\n<li><a href=\"http:\/\/artlabo.org\/\" target=\"_blank\" rel=\"noopener noreferrer\">ART::LABO<\/a> \/ Ping (Nantes)<\/li>\n<li><a href=\"http:\/\/labomedia.org\/\" target=\"_blank\" rel=\"noopener noreferrer\">Labom\u00e9dia<\/a> (Orl\u00e9ans)<\/li>\n<li><a href=\"http:\/\/lieumultiple.org\/\" target=\"_blank\" rel=\"noopener noreferrer\">Le Lieu Multiple<\/a> (Poitiers)<\/li>\n<li>La\u00a0<a href=\"http:\/\/www.fraap.org\/\">FRAAP<\/a>\u00a0&#8211;\u00a0F\u00e9d\u00e9ration des r\u00e9seaux et associations d\u2019artistes plasticiens (Paris)<\/li>\n<\/ul>\n<div><strong><em>et plus particuli\u00e8rement dans le cadre du programme EMAN#EMARE :<\/em><\/strong><\/div>\n<div><\/div>\n<ul>\n<li><a href=\"http:\/\/werkleitz.de\/\" target=\"_blank\" rel=\"noopener noreferrer\">Werkleitz<\/a> \u2013 Zentrum f\u00fcr Medienkunst Schleifweg 6 \u2013 06114 Halle &#8211; Deutschland<\/li>\n<li><a href=\"http:\/\/impakt.nl\/headquarters\/\" target=\"_blank\" rel=\"noopener noreferrer\">Impakt<\/a> &#8211; PO Box 735 &#8211; 3500 AS Utrecht &#8211; The Netherlands<\/li>\n<li><a href=\"http:\/\/www.fact.co.uk\/\" target=\"_blank\" rel=\"noopener noreferrer\">Fact<\/a> &#8211; 88 Wood Street, Liverpool &#8211; England<\/li>\n<\/ul>\n<div><\/div>\n<p><strong>Partenaires\u00a0r\u00e9guliers<\/strong><\/p>\n<p><a href=\"http:\/\/www.emmetrop.fr\/\" target=\"_blank\" rel=\"noopener noreferrer\">Emmetrop<\/a> &#8211; La Friche l&#8217;Antre-Peaux, 26 route de la Chapelle &#8211; 18000 Bourges<br \/>\n<a href=\"http:\/\/www.ensa-bourges.fr\/\" target=\"_blank\" rel=\"noopener noreferrer\">ENSA Bourges<\/a> et la BOX &#8211; rue\u00a0\u00c9douard Branly &#8211; 18000 Bourges<br \/>\n<a href=\"http:\/\/www.mcbourges.com\/\" target=\"_blank\" rel=\"noopener noreferrer\">La MCB\u00b0<\/a> \u2013 le Cin\u00e9ma, Boulevard Cl\u00e9menceau \u2013 18000 Bourges<br \/>\nLes R\u00e9seaux de la Cr\u00e9ation &#8211; <a href=\"http:\/\/www.vision-r.org\/\" target=\"_blank\" rel=\"noopener noreferrer\">Vision&#8217;R<\/a> &#8211; Paris<br \/>\n<a href=\"http:\/\/www.kapelica.org\/\" target=\"_blank\" rel=\"noopener noreferrer\">Galerie Kapelica<\/a>, Kersnikova ulica 4 \u2013 1000 Ljubljana &#8211; Slovenia<br \/>\n<a href=\"http:\/\/wildstudio.com\/\" target=\"_blank\" rel=\"noopener noreferrer\">Jacana Wildlife Studios<\/a> &#8211; France<\/p>\n<p><strong><br \/>\nPartenaire Presse<br \/>\n<\/strong><\/p>\n<p><a href=\"https:\/\/aaar.fr\/\">AAAR.fr<\/a><\/p>\n<p><strong><br \/>\nPartenaires Presse r\u00e9guliers<\/strong><\/p>\n<p><a href=\"http:\/\/www.digitalmcd.com\/\" target=\"_blank\" rel=\"noopener noreferrer\">MCD<\/a>, le magazine des cultures digitales<br \/>\n<a href=\"http:\/\/groupelaura.fr\/\" target=\"_blank\" rel=\"noopener noreferrer\">Revue Laura<\/a><\/p>\n<p>&nbsp;<\/p>\n<p><strong>Bandits-Mages est adh\u00e9rente \u00e0 :<\/strong><\/p>\n<p>La\u00a0<a href=\"http:\/\/www.ligue18.org\/\">Ligue de l&#8217;enseignement du Cher\u00a0<\/a><\/p>\n<p>&nbsp;","protected":false},"excerpt":{"rendered":"<p>Disculpa, pero esta entrada est\u00e1 disponible s\u00f3lo en Franc\u00e9s y Ingl\u00e9s Estadounidense. For the sake of viewer convenience, the content is shown below in this site default language. You may click one of the links to switch the site language to another available language.Bandits-Mages b\u00e9n\u00e9ficie du soutien de la\u00a0DRAC Centre-Val de Loire, de la\u00a0R\u00e9gion Centre-Val&hellip;<\/p>\n","protected":false},"author":1,"featured_media":2583,"parent":0,"menu_order":0,"comment_status":"closed","ping_status":"closed","template":"","meta":[],"_links":{"self":[{"href":"https:\/\/bandits-mages.antrepeaux.net\/es\/wp-json\/wp\/v2\/pages\/985"}],"collection":[{"href":"https:\/\/bandits-mages.antrepeaux.net\/es\/wp-json\/wp\/v2\/pages"}],"about":[{"href":"https:\/\/bandits-mages.antrepeaux.net\/es\/wp-json\/wp\/v2\/types\/page"}],"author":[{"embeddable":true,"href":"https:\/\/bandits-mages.antrepeaux.net\/es\/wp-json\/wp\/v2\/users\/1"}],"replies":[{"embeddable":true,"href":"https:\/\/bandits-mages.antrepeaux.net\/es\/wp-json\/wp\/v2\/comments?post=985"}],"version-history":[{"count":13,"href":"https:\/\/bandits-mages.antrepeaux.net\/es\/wp-json\/wp\/v2\/pages\/985\/revisions"}],"predecessor-version":[{"id":3154,"href":"https:\/\/bandits-mages.antrepeaux.net\/es\/wp-json\/wp\/v2\/pages\/985\/revisions\/3154"}],"wp:featuredmedia":[{"embeddable":true,"href":"https:\/\/bandits-mages.antrepeaux.net\/es\/wp-json\/wp\/v2\/media\/2583"}],"wp:attachment":[{"href":"https:\/\/bandits-mages.antrepeaux.net\/es\/wp-json\/wp\/v2\/media?parent=985"}],"curies":[{"name":"wp","href":"https:\/\/api.w.org\/{rel}","templated":true}]}}