{"id":832,"date":"2015-01-08T16:48:11","date_gmt":"2015-01-08T15:48:11","guid":{"rendered":"http:\/\/bandits-mages.antrepeaux.net\/site2015\/?page_id=832"},"modified":"2015-01-23T17:34:44","modified_gmt":"2015-01-23T16:34:44","slug":"le-grimo","status":"publish","type":"page","link":"https:\/\/bandits-mages.antrepeaux.net\/es\/le-grimo\/","title":{"rendered":"Le Grimo"},"content":{"rendered":"<p>Le Grimo est une plateforme d&#8217;\u00e9dition et d&#8217;h\u00e9bergement de site web d\u00e9di\u00e9 \u00e0 l&#8217;art, la culture, la p\u00e9dagogie et le monde associatif.<\/p>\n<p>Le Grimo a \u00e9t\u00e9 con\u00e7u pour permettre \u00e0 des non-techniciens de publier tous les m\u00e9dias qu&#8217;ils souhaitent sans contrainte technique et de tirer le meilleur parti des technologies web.<\/p>\n<p>Concevez votre site en quelques clics et partagez vos travaux en toute facilit\u00e9: images, vid\u00e9os, audios, etc.<\/p>\n<p><a href=\"http:\/\/www.banditnet.fr\/accueilgrimo.html\" target=\"_blank\">Acc\u00e9der au Grimo.<\/a><\/p>\n<p>Avec l&#8217;\u00e9diteur de page on-line du Grimo, cr\u00e9ez et modifiez vos pages \u00e0 volont\u00e9 depuis n&#8217;importe quel ordinateur connect\u00e9 \u00e0 internet, sans rien installer.<\/p>\n<p>* Aucune connaissance technique requise<br \/>\n* Gestion et organisation faciles du site, des pages et des m\u00e9dias<br \/>\n* Insertion des m\u00e9dias (image, vid\u00e9o, audio, flash) sur une page en quelques clics<br \/>\n* Agencement des contenus par glissement et superposition<br \/>\n* Insertion de code (HTML, Javascript, PHP, CSS\u2026) directement dans le texte<br \/>\n* Une aide disponible \u00e0 chaque instant<br \/>\n* 1 Go de stockage<br \/>\n* Acc\u00e8s ftp pour mettre en ligne du contenu con\u00e7u sans l\u2019\u00e9diteur<\/p>\n","protected":false},"excerpt":{"rendered":"<p>Le Grimo est une plateforme d&#8217;\u00e9dition et d&#8217;h\u00e9bergement de site web d\u00e9di\u00e9 \u00e0 l&#8217;art, la culture, la p\u00e9dagogie et le monde associatif. Le Grimo a \u00e9t\u00e9 con\u00e7u pour permettre \u00e0 des non-techniciens de publier tous les m\u00e9dias qu&#8217;ils souhaitent sans contrainte technique et de tirer le meilleur parti des technologies web. Concevez votre site en&hellip;<\/p>\n","protected":false},"author":1,"featured_media":840,"parent":0,"menu_order":0,"comment_status":"closed","ping_status":"closed","template":"","meta":[],"_links":{"self":[{"href":"https:\/\/bandits-mages.antrepeaux.net\/es\/wp-json\/wp\/v2\/pages\/832"}],"collection":[{"href":"https:\/\/bandits-mages.antrepeaux.net\/es\/wp-json\/wp\/v2\/pages"}],"about":[{"href":"https:\/\/bandits-mages.antrepeaux.net\/es\/wp-json\/wp\/v2\/types\/page"}],"author":[{"embeddable":true,"href":"https:\/\/bandits-mages.antrepeaux.net\/es\/wp-json\/wp\/v2\/users\/1"}],"replies":[{"embeddable":true,"href":"https:\/\/bandits-mages.antrepeaux.net\/es\/wp-json\/wp\/v2\/comments?post=832"}],"version-history":[{"count":6,"href":"https:\/\/bandits-mages.antrepeaux.net\/es\/wp-json\/wp\/v2\/pages\/832\/revisions"}],"predecessor-version":[{"id":841,"href":"https:\/\/bandits-mages.antrepeaux.net\/es\/wp-json\/wp\/v2\/pages\/832\/revisions\/841"}],"wp:featuredmedia":[{"embeddable":true,"href":"https:\/\/bandits-mages.antrepeaux.net\/es\/wp-json\/wp\/v2\/media\/840"}],"wp:attachment":[{"href":"https:\/\/bandits-mages.antrepeaux.net\/es\/wp-json\/wp\/v2\/media?parent=832"}],"curies":[{"name":"wp","href":"https:\/\/api.w.org\/{rel}","templated":true}]}}