{"id":801,"date":"2015-01-06T18:30:38","date_gmt":"2015-01-06T17:30:38","guid":{"rendered":"http:\/\/bandits-mages.antrepeaux.net\/site2015\/?page_id=801"},"modified":"2015-01-08T11:19:01","modified_gmt":"2015-01-08T10:19:01","slug":"studio-de-montage","status":"publish","type":"page","link":"https:\/\/bandits-mages.antrepeaux.net\/es\/studio-de-montage\/","title":{"rendered":"Studio de post-production"},"content":{"rendered":"<p>Bandits-Mages est dot\u00e9 en 2013 de trois studios de post-production :<\/p>\n<ul>\n<li>3 ordinateurs mac \u00e9quip\u00e9s des logiciels Final Cut Pro, DVD Studio Pro, Adobe Premi\u00e8re, Module8 et ProTools.<\/li>\n<li>d&#8217;enceintes de monitoring<\/li>\n<li>d&#8217;un nombre cons\u00e9quent de disques de stockage<\/li>\n<li>de moniteurs cathodiques et LCD<\/li>\n<li>de graveurs dvd et blu-ray.<\/li>\n<\/ul>\n<p>Pour l&#8217;infographie et la communication, Bandits-Mages est \u00e9galement dot\u00e9 d&#8217;un ordinateur Mac \u00e9quip\u00e9 de la suite Adobe.<\/p>\n","protected":false},"excerpt":{"rendered":"<p>Bandits-Mages est dot\u00e9 en 2013 de trois studios de post-production : 3 ordinateurs mac \u00e9quip\u00e9s des logiciels Final Cut Pro, DVD Studio Pro, Adobe Premi\u00e8re, Module8 et ProTools. d&#8217;enceintes de monitoring d&#8217;un nombre cons\u00e9quent de disques de stockage de moniteurs cathodiques et LCD de graveurs dvd et blu-ray. Pour l&#8217;infographie et la communication, Bandits-Mages est&hellip;<\/p>\n","protected":false},"author":1,"featured_media":0,"parent":0,"menu_order":0,"comment_status":"closed","ping_status":"closed","template":"templates\/fullwidth.php","meta":[],"_links":{"self":[{"href":"https:\/\/bandits-mages.antrepeaux.net\/es\/wp-json\/wp\/v2\/pages\/801"}],"collection":[{"href":"https:\/\/bandits-mages.antrepeaux.net\/es\/wp-json\/wp\/v2\/pages"}],"about":[{"href":"https:\/\/bandits-mages.antrepeaux.net\/es\/wp-json\/wp\/v2\/types\/page"}],"author":[{"embeddable":true,"href":"https:\/\/bandits-mages.antrepeaux.net\/es\/wp-json\/wp\/v2\/users\/1"}],"replies":[{"embeddable":true,"href":"https:\/\/bandits-mages.antrepeaux.net\/es\/wp-json\/wp\/v2\/comments?post=801"}],"version-history":[{"count":4,"href":"https:\/\/bandits-mages.antrepeaux.net\/es\/wp-json\/wp\/v2\/pages\/801\/revisions"}],"predecessor-version":[{"id":811,"href":"https:\/\/bandits-mages.antrepeaux.net\/es\/wp-json\/wp\/v2\/pages\/801\/revisions\/811"}],"wp:attachment":[{"href":"https:\/\/bandits-mages.antrepeaux.net\/es\/wp-json\/wp\/v2\/media?parent=801"}],"curies":[{"name":"wp","href":"https:\/\/api.w.org\/{rel}","templated":true}]}}