{"id":3275,"date":"2017-10-11T15:40:39","date_gmt":"2017-10-11T13:40:39","guid":{"rendered":"http:\/\/bandits-mages.antrepeaux.net\/?page_id=3275"},"modified":"2017-10-11T15:40:39","modified_gmt":"2017-10-11T13:40:39","slug":"stages","status":"publish","type":"page","link":"https:\/\/bandits-mages.antrepeaux.net\/es\/stages\/","title":{"rendered":"Stages"},"content":{"rendered":"<p class=\"qtranxs-available-languages-message qtranxs-available-languages-message-es\">Disculpa, pero esta entrada est\u00e1 disponible s\u00f3lo en <a href=\"https:\/\/bandits-mages.antrepeaux.net\/fr\/wp-json\/wp\/v2\/pages\/3275\" class=\"qtranxs-available-language-link qtranxs-available-language-link-fr\" title=\"FR\">Franc\u00e9s<\/a>. For the sake of viewer convenience, the content is shown below in the alternative language. You may click the link to switch the active language.<\/p><div role=\"form\" class=\"wpcf7\" id=\"wpcf7-f3274-o1\" lang=\"fr-FR\" dir=\"ltr\">\n<div class=\"screen-reader-response\"><p role=\"status\" aria-live=\"polite\" aria-atomic=\"true\"><\/p> <ul><\/ul><\/div>\n<form action=\"\/es\/wp-json\/wp\/v2\/pages\/3275#wpcf7-f3274-o1\" method=\"post\" class=\"wpcf7-form init\" enctype=\"multipart\/form-data\" novalidate=\"novalidate\" data-status=\"init\">\n<div style=\"display: none;\">\n<input type=\"hidden\" name=\"_wpcf7\" value=\"3274\" \/>\n<input type=\"hidden\" name=\"_wpcf7_version\" value=\"5.3.2\" \/>\n<input type=\"hidden\" name=\"_wpcf7_locale\" value=\"fr_FR\" \/>\n<input type=\"hidden\" name=\"_wpcf7_unit_tag\" value=\"wpcf7-f3274-o1\" \/>\n<input type=\"hidden\" name=\"_wpcf7_container_post\" value=\"0\" \/>\n<input type=\"hidden\" name=\"_wpcf7_posted_data_hash\" value=\"\" \/>\n<\/div>\n<h2><i class=\"fa fa-user\" aria-hidden=\"true\"><\/i>&nbsp;FORMULAIRE DE DEMANDE DE STAGE<\/H2><\/p>\n<table>\n<tbody>\n<tr>\n<td>Nom*<\/td>\n<td><span class=\"wpcf7-form-control-wrap votre-nom\"><input type=\"text\" name=\"votre-nom\" value=\"\" size=\"40\" class=\"wpcf7-form-control wpcf7-text wpcf7-validates-as-required\" aria-required=\"true\" aria-invalid=\"false\" \/><\/span><\/td>\n<\/tr>\n<tr>\n<td>Pr\u00e9nom*<\/td>\n<td><span class=\"wpcf7-form-control-wrap votre-prenom\"><input type=\"text\" name=\"votre-prenom\" value=\"\" size=\"40\" class=\"wpcf7-form-control wpcf7-text wpcf7-validates-as-required\" aria-required=\"true\" aria-invalid=\"false\" \/><\/span><\/td>\n<\/tr>\n<tr>\n<td>Adresse postale*<\/td>\n<td><span class=\"wpcf7-form-control-wrap votre-adresse-post\"><input type=\"text\" name=\"votre-adresse-post\" value=\"\" size=\"40\" class=\"wpcf7-form-control wpcf7-text wpcf7-validates-as-required\" aria-required=\"true\" aria-invalid=\"false\" \/><\/span><\/td>\n<\/tr>\n<tr>\n<td>Adresse Mail*<\/td>\n<td><span class=\"wpcf7-form-control-wrap votre-mail\"><input type=\"text\" name=\"votre-mail\" value=\"\" size=\"40\" class=\"wpcf7-form-control wpcf7-text wpcf7-validates-as-required\" aria-required=\"true\" aria-invalid=\"false\" \/><\/span><\/td>\n<\/tr>\n<tr>\n<td>T\u00e9l\u00e9phone*<\/td>\n<td><span class=\"wpcf7-form-control-wrap votre-tel\"><input type=\"text\" name=\"votre-tel\" value=\"\" size=\"40\" class=\"wpcf7-form-control wpcf7-text wpcf7-validates-as-required\" aria-required=\"true\" aria-invalid=\"false\" \/><\/span><\/td>\n<\/tr>\n<tr>\n<td>\u00c9cole ou \u00e9tablissement (pour convention en cas de stage)<\/td>\n<td><span class=\"wpcf7-form-control-wrap votre-ecole\"><input type=\"text\" name=\"votre-ecole\" value=\"\" size=\"40\" class=\"wpcf7-form-control wpcf7-text\" aria-invalid=\"false\" \/><\/span><\/td>\n<\/tr>\n<tr>\n<td>Domaine d'activit\u00e9* <\/td>\n<td><span class=\"wpcf7-form-control-wrap votre-activite\"><select name=\"votre-activite\" class=\"wpcf7-form-control wpcf7-select wpcf7-validates-as-required\" aria-required=\"true\" aria-invalid=\"false\"><option value=\"montage vid\u00e9o\">montage vid\u00e9o<\/option><option value=\"r\u00e9alisation\">r\u00e9alisation<\/option><option value=\"production\">production<\/option><option value=\"r\u00e9gie\">r\u00e9gie<\/option><option value=\"communication\">communication<\/option><option value=\"administration\">administration<\/option><option value=\"diffusion\">diffusion<\/option><option value=\"m\u00e9diation\">m\u00e9diation<\/option><option value=\"autre\">autre<\/option><\/select><\/span><\/td>\n<td>\n<\/tr>\n<tr>\n<td>Vos motivations (1200 signes max, dans le cas de stages)<br><\/td>\n<td colspan=\"3\"><span class=\"wpcf7-form-control-wrap motivations\"><textarea name=\"motivations\" cols=\"40\" rows=\"10\" maxlength=\"1200\" class=\"wpcf7-form-control wpcf7-textarea wpcf7-validates-as-required\" aria-required=\"true\" aria-invalid=\"false\"><\/textarea><\/span><\/td>\n<\/tr>\n<\/tr>\n<tr>\n<td>T\u00e9l\u00e9chargement CV (Stages uniquement, 2Mb Max.) <\/td>\n<td><span class=\"wpcf7-form-control-wrap cv\"><input type=\"file\" name=\"cv\" size=\"40\" class=\"wpcf7-form-control wpcf7-file\" accept=\".rtf,.odt,.docx,.doc,.pdf,.txt\" aria-invalid=\"false\" \/><\/span><\/td>\n<td>\n<\/tr>\n<\/tbody>\n<\/table>\n<p><input type=\"submit\" value=\"Envoyer\" class=\"wpcf7-form-control wpcf7-submit\" \/><\/p>\n<div class=\"wpcf7-response-output\" aria-hidden=\"true\"><\/div><\/form><\/div>","protected":false},"excerpt":{"rendered":"<p>Disculpa, pero esta entrada est\u00e1 disponible s\u00f3lo en Franc\u00e9s. For the sake of viewer convenience, the content is shown below in the alternative language. You may click the link to switch the active language.<\/p>\n","protected":false},"author":1,"featured_media":0,"parent":0,"menu_order":0,"comment_status":"closed","ping_status":"closed","template":"","meta":[],"_links":{"self":[{"href":"https:\/\/bandits-mages.antrepeaux.net\/es\/wp-json\/wp\/v2\/pages\/3275"}],"collection":[{"href":"https:\/\/bandits-mages.antrepeaux.net\/es\/wp-json\/wp\/v2\/pages"}],"about":[{"href":"https:\/\/bandits-mages.antrepeaux.net\/es\/wp-json\/wp\/v2\/types\/page"}],"author":[{"embeddable":true,"href":"https:\/\/bandits-mages.antrepeaux.net\/es\/wp-json\/wp\/v2\/users\/1"}],"replies":[{"embeddable":true,"href":"https:\/\/bandits-mages.antrepeaux.net\/es\/wp-json\/wp\/v2\/comments?post=3275"}],"version-history":[{"count":1,"href":"https:\/\/bandits-mages.antrepeaux.net\/es\/wp-json\/wp\/v2\/pages\/3275\/revisions"}],"predecessor-version":[{"id":3276,"href":"https:\/\/bandits-mages.antrepeaux.net\/es\/wp-json\/wp\/v2\/pages\/3275\/revisions\/3276"}],"wp:attachment":[{"href":"https:\/\/bandits-mages.antrepeaux.net\/es\/wp-json\/wp\/v2\/media?parent=3275"}],"curies":[{"name":"wp","href":"https:\/\/api.w.org\/{rel}","templated":true}]}}