{"id":13625,"date":"2020-02-17T11:07:17","date_gmt":"2020-02-17T10:07:17","guid":{"rendered":"http:\/\/bandits-mages.antrepeaux.net\/?page_id=13625"},"modified":"2020-02-17T11:17:44","modified_gmt":"2020-02-17T10:17:44","slug":"contact","status":"publish","type":"page","link":"https:\/\/bandits-mages.antrepeaux.net\/es\/contact\/","title":{"rendered":"Contact"},"content":{"rendered":"<p class=\"qtranxs-available-languages-message qtranxs-available-languages-message-es\">Disculpa, pero esta entrada est\u00e1 disponible s\u00f3lo en <a href=\"https:\/\/bandits-mages.antrepeaux.net\/fr\/wp-json\/wp\/v2\/pages\/13625\" class=\"qtranxs-available-language-link qtranxs-available-language-link-fr\" title=\"FR\">Franc\u00e9s<\/a>. For the sake of viewer convenience, the content is shown below in the alternative language. You may click the link to switch the active language.<\/p>[vc_row][vc_column][vc_column_text]\n<div class=\"SALvLe farUxc mJ2Mod\">\n<div class=\"i4J0ge\">\n<div class=\"EfDVh mod\" lang=\"fr-FR\" data-attrid=\"kc:\/location\/location:address\" data-md=\"1002\" data-hveid=\"CBMQAQ\" data-ved=\"2ahUKEwj_7OOCrdjnAhUp5uAKHY-fB4sQkCkwIXoECBMQAQ\">\n<div class=\"Z1hOCe\">\n<div class=\"zloOqf PZPZlf\" data-dtype=\"d3ifr\" data-local-attribute=\"d3adr\" data-ved=\"2ahUKEwj_7OOCrdjnAhUp5uAKHY-fB4sQghwoADAhegQIExAC\">\n<p><span class=\"LrzXr\"><strong>Adresse :<\/strong> 24 Route de la Chapelle,\u00a018000 Bourges<\/span><\/p>\n<\/div>\n<\/div>\n<\/div>\n<\/div>\n<\/div>\n<div class=\"mod\" lang=\"fr-FR\" data-attrid=\"kc:\/location\/location:hours\" data-md=\"1005\" data-hveid=\"CA8QAA\" data-ved=\"2ahUKEwj_7OOCrdjnAhUp5uAKHY-fB4sQkCkwI3oECA8QAA\">\n<div class=\"Z1hOCe\">\n<div class=\"zloOqf PZPZlf\">\n<div class=\"r-ifth7c8CAs14\">\n<div class=\"ZdM7x r-iYZSNLh_2k_c t-oh\">\n<div class=\"vk_bk a-h\" tabindex=\"0\" role=\"button\" data-ved=\"2ahUKEwj_7OOCrdjnAhUp5uAKHY-fB4sQ5nEwI3oECA8QBA\">\n<div class=\"nRfCwb r-i85RQBnrC_lE\">\n<div class=\"lwjzfb\" tabindex=\"0\" role=\"button\" data-rtid=\"i85RQBnrC_lE\" data-ved=\"2ahUKEwj_7OOCrdjnAhUp5uAKHY-fB4sQu9MBMCN6BAgPEAU\"><span class=\"w8qArf\"><strong>T\u00e9l\u00e9phone\u00a0<\/strong>: <\/span><span class=\"LrzXr zdqRlf kno-fv\"><span data-dtype=\"d3ifr\" data-local-attribute=\"d3ph\">02 48 50 42 47<\/span><\/span><\/div>\n<\/div>\n<\/div>\n<\/div>\n<\/div>\n<\/div>\n<\/div>\n<\/div>\n[\/vc_column_text][vc_column_text]<iframe style=\"border: 0;\" src=\"https:\/\/www.google.com\/maps\/embed?pb=!1m18!1m12!1m3!1d1358.5902347273525!2d2.381524420632319!3d47.075924485665645!2m3!1f0!2f0!3f0!3m2!1i1024!2i768!4f13.1!3m3!1m2!1s0x47fa95d276a6238b%3A0x512cb22241096b7d!2s24%20Route%20de%20la%20Chapelle%2C%2018000%20Bourges!5e0!3m2!1sfr!2sfr!4v1581934371595!5m2!1sfr!2sfr\" width=\"600\" height=\"450\" frameborder=\"0\" allowfullscreen=\"allowfullscreen\"><\/iframe>[\/vc_column_text][\/vc_column][\/vc_row]","protected":false},"excerpt":{"rendered":"<p>Disculpa, pero esta entrada est\u00e1 disponible s\u00f3lo en Franc\u00e9s. For the sake of viewer convenience, the content is shown below in the alternative language. You may click the link to switch the active language.[vc_row][vc_column][vc_column_text] Adresse : 24 Route de la Chapelle,\u00a018000 Bourges T\u00e9l\u00e9phone\u00a0: 02 48 50 42 47 [\/vc_column_text][vc_column_text][\/vc_column_text][\/vc_column][\/vc_row]<\/p>\n","protected":false},"author":1,"featured_media":0,"parent":0,"menu_order":0,"comment_status":"closed","ping_status":"closed","template":"","meta":[],"_links":{"self":[{"href":"https:\/\/bandits-mages.antrepeaux.net\/es\/wp-json\/wp\/v2\/pages\/13625"}],"collection":[{"href":"https:\/\/bandits-mages.antrepeaux.net\/es\/wp-json\/wp\/v2\/pages"}],"about":[{"href":"https:\/\/bandits-mages.antrepeaux.net\/es\/wp-json\/wp\/v2\/types\/page"}],"author":[{"embeddable":true,"href":"https:\/\/bandits-mages.antrepeaux.net\/es\/wp-json\/wp\/v2\/users\/1"}],"replies":[{"embeddable":true,"href":"https:\/\/bandits-mages.antrepeaux.net\/es\/wp-json\/wp\/v2\/comments?post=13625"}],"version-history":[{"count":6,"href":"https:\/\/bandits-mages.antrepeaux.net\/es\/wp-json\/wp\/v2\/pages\/13625\/revisions"}],"predecessor-version":[{"id":13631,"href":"https:\/\/bandits-mages.antrepeaux.net\/es\/wp-json\/wp\/v2\/pages\/13625\/revisions\/13631"}],"wp:attachment":[{"href":"https:\/\/bandits-mages.antrepeaux.net\/es\/wp-json\/wp\/v2\/media?parent=13625"}],"curies":[{"name":"wp","href":"https:\/\/api.w.org\/{rel}","templated":true}]}}