{"id":1243,"date":"2015-04-02T16:38:58","date_gmt":"2015-04-02T14:38:58","guid":{"rendered":"http:\/\/bandits-mages.antrepeaux.net\/?page_id=1243"},"modified":"2019-06-21T13:03:33","modified_gmt":"2019-06-21T11:03:33","slug":"mediatheque-plateaux-medias","status":"publish","type":"page","link":"https:\/\/bandits-mages.antrepeaux.net\/es\/mediatheque-plateaux-medias\/","title":{"rendered":"M\u00e9diath\u00e8que : Plateaux M\u00e9dias"},"content":{"rendered":"<a class=\"mediatheque-bouton\" href=\"http:\/\/bandits-mages.antrepeaux.net\/mediatheque-portraits\">Portraits<\/a><a class=\"mediatheque-bouton\" href=\"http:\/\/bandits-mages.antrepeaux.net\/mediatheque-plateaux-medias\">Plateaux M\u00e9dias<\/a><a class=\"mediatheque-bouton\" href=\"http:\/\/bandits-mages.antrepeaux.net\/mediatheque-publications\">\u00c9ditions<\/a><a class=\"mediatheque-bouton\" href=\"http:\/\/bandits-mages.antrepeaux.net\/mediatheque-autres-productions\">Autres Productions<\/a><\/p>\n<div class=\"clr\"><\/div>\n[postlist id=1268]","protected":false},"excerpt":{"rendered":"<p>PortraitsPlateaux M\u00e9dias\u00c9ditionsAutres Productions [postlist id=1268]<\/p>\n","protected":false},"author":1,"featured_media":3313,"parent":0,"menu_order":0,"comment_status":"closed","ping_status":"closed","template":"templates\/fullwidth.php","meta":[],"_links":{"self":[{"href":"https:\/\/bandits-mages.antrepeaux.net\/es\/wp-json\/wp\/v2\/pages\/1243"}],"collection":[{"href":"https:\/\/bandits-mages.antrepeaux.net\/es\/wp-json\/wp\/v2\/pages"}],"about":[{"href":"https:\/\/bandits-mages.antrepeaux.net\/es\/wp-json\/wp\/v2\/types\/page"}],"author":[{"embeddable":true,"href":"https:\/\/bandits-mages.antrepeaux.net\/es\/wp-json\/wp\/v2\/users\/1"}],"replies":[{"embeddable":true,"href":"https:\/\/bandits-mages.antrepeaux.net\/es\/wp-json\/wp\/v2\/comments?post=1243"}],"version-history":[{"count":7,"href":"https:\/\/bandits-mages.antrepeaux.net\/es\/wp-json\/wp\/v2\/pages\/1243\/revisions"}],"predecessor-version":[{"id":13021,"href":"https:\/\/bandits-mages.antrepeaux.net\/es\/wp-json\/wp\/v2\/pages\/1243\/revisions\/13021"}],"wp:featuredmedia":[{"embeddable":true,"href":"https:\/\/bandits-mages.antrepeaux.net\/es\/wp-json\/wp\/v2\/media\/3313"}],"wp:attachment":[{"href":"https:\/\/bandits-mages.antrepeaux.net\/es\/wp-json\/wp\/v2\/media?parent=1243"}],"curies":[{"name":"wp","href":"https:\/\/api.w.org\/{rel}","templated":true}]}}