{"id":985,"date":"2015-01-26T11:45:43","date_gmt":"2015-01-26T10:45:43","guid":{"rendered":"http:\/\/bandits-mages.antrepeaux.net\/site2015\/?page_id=985"},"modified":"2017-07-26T15:55:21","modified_gmt":"2017-07-26T13:55:21","slug":"partenaires","status":"publish","type":"page","link":"https:\/\/bandits-mages.antrepeaux.net\/en\/partenaires\/","title":{"rendered":"Partenaires"},"content":{"rendered":"<strong>Bandits-Mages b\u00e9n\u00e9ficie du soutien de<\/strong><\/p>\n<p>DRAC Centre<br \/>\nR\u00e9gion Centre<br \/>\nVille de Bourges<br \/>\nConseil G\u00e9n\u00e9ral du Cher<br \/>\nProgramme Culture de l\u2019Union europ\u00e9enne<\/p>\n<p><strong>Lieux Partenaires<\/strong><\/p>\n<p>Emmetrop &#8211; La Friche l&#8217;Antre-Peaux, 26 route de la Chapelle &#8211; 18000 Bourges<br \/>\nENSA Bourges et la BOX &#8211; rue Edouard Branly &#8211; 18000 Bourges<br \/>\nLa MCB\u00b0 \u2013 le Cin\u00e9ma, Boulevard Cl\u00e9menceau \u2013 18000 Bourges<br \/>\nLes R\u00e9seaux de la Cr\u00e9ation &#8211; Vision&#8217;R &#8211; Paris<br \/>\nGalerie Kapelica, Kersnikova ulica 4 \u2013 1000 Ljubljana &#8211; Slovenia<br \/>\nWerkleitz \u2013 Zentrum f\u00fcr Medienkunst Schleifweg 6 \u2013 06114 Halle &#8211; Deutschland<br \/>\nImpakt &#8211; PO Box 735 &#8211; 3500 AS Utrecht &#8211; The Netherlands<br \/>\nFact &#8211; 88 Wood Street, Liverpool &#8211; England<\/p>\n<p><strong>Partenaires Presse<\/strong><\/p>\n<p>MCD<br \/>\nRevue Laura<br \/>\nAAAR.fr","protected":false},"excerpt":{"rendered":"<p>Bandits-Mages b\u00e9n\u00e9ficie du soutien de DRAC Centre R\u00e9gion Centre Ville de Bourges Conseil G\u00e9n\u00e9ral du Cher Programme Culture de l\u2019Union europ\u00e9enne Lieux Partenaires Emmetrop &#8211; La Friche l&#8217;Antre-Peaux, 26 route de la Chapelle &#8211; 18000 Bourges ENSA Bourges et la BOX &#8211; rue Edouard Branly &#8211; 18000 Bourges La MCB\u00b0 \u2013 le Cin\u00e9ma, Boulevard Cl\u00e9menceau&hellip;<\/p>\n","protected":false},"author":1,"featured_media":2583,"parent":0,"menu_order":0,"comment_status":"closed","ping_status":"closed","template":"","meta":[],"_links":{"self":[{"href":"https:\/\/bandits-mages.antrepeaux.net\/en\/wp-json\/wp\/v2\/pages\/985"}],"collection":[{"href":"https:\/\/bandits-mages.antrepeaux.net\/en\/wp-json\/wp\/v2\/pages"}],"about":[{"href":"https:\/\/bandits-mages.antrepeaux.net\/en\/wp-json\/wp\/v2\/types\/page"}],"author":[{"embeddable":true,"href":"https:\/\/bandits-mages.antrepeaux.net\/en\/wp-json\/wp\/v2\/users\/1"}],"replies":[{"embeddable":true,"href":"https:\/\/bandits-mages.antrepeaux.net\/en\/wp-json\/wp\/v2\/comments?post=985"}],"version-history":[{"count":13,"href":"https:\/\/bandits-mages.antrepeaux.net\/en\/wp-json\/wp\/v2\/pages\/985\/revisions"}],"predecessor-version":[{"id":3154,"href":"https:\/\/bandits-mages.antrepeaux.net\/en\/wp-json\/wp\/v2\/pages\/985\/revisions\/3154"}],"wp:featuredmedia":[{"embeddable":true,"href":"https:\/\/bandits-mages.antrepeaux.net\/en\/wp-json\/wp\/v2\/media\/2583"}],"wp:attachment":[{"href":"https:\/\/bandits-mages.antrepeaux.net\/en\/wp-json\/wp\/v2\/media?parent=985"}],"curies":[{"name":"wp","href":"https:\/\/api.w.org\/{rel}","templated":true}]}}