{"id":812,"date":"2015-01-08T11:31:12","date_gmt":"2015-01-08T10:31:12","guid":{"rendered":"http:\/\/bandits-mages.antrepeaux.net\/site2015\/?page_id=812"},"modified":"2018-11-27T19:13:00","modified_gmt":"2018-11-27T18:13:00","slug":"equipement","status":"publish","type":"page","link":"https:\/\/bandits-mages.antrepeaux.net\/en\/equipement\/","title":{"rendered":"Equipement"},"content":{"rendered":"<p class=\"p1\">Bandits-Mages est \u00e9quip\u00e9\u00a0:<\/p>\n<ul class=\"ul1\">\n<li class=\"li1\">de 3 studios de post-production<\/li>\n<li class=\"li1\">de mat\u00e9riels de prise de vue et de son<\/li>\n<li class=\"li1\">de logiciels de montage (Final Cut Pro), de Vjing (Module8) et de traitement de l&#8217;image (Suite Adobe)<\/li>\n<li class=\"li1\">de mat\u00e9riel de diffusion vid\u00e9o et son<\/li>\n<li class=\"li1\">de moniteurs vid\u00e9os<\/li>\n<li class=\"li1\">d&#8217;\u00e9clairages<\/li>\n<li class=\"li1\">d&#8217;un fond d&#8217;incrustation<\/li>\n<li class=\"li1\">d&#8217;une documentation vid\u00e9o<\/li>\n<\/ul>\n<p class=\"p1\"><strong>La liste exhaustive est disponible dans les locaux de l&#8217;association.<\/strong><\/p>","protected":false},"excerpt":{"rendered":"<p>Bandits-Mages est \u00e9quip\u00e9\u00a0: de 3 studios de post-production de mat\u00e9riels de prise de vue et de son de logiciels de montage (Final Cut Pro), de Vjing (Module8) et de traitement de l&#8217;image (Suite Adobe) de mat\u00e9riel de diffusion vid\u00e9o et son de moniteurs vid\u00e9os d&#8217;\u00e9clairages d&#8217;un fond d&#8217;incrustation d&#8217;une documentation vid\u00e9o La liste exhaustive est&hellip;<\/p>\n","protected":false},"author":1,"featured_media":976,"parent":0,"menu_order":0,"comment_status":"closed","ping_status":"closed","template":"","meta":[],"_links":{"self":[{"href":"https:\/\/bandits-mages.antrepeaux.net\/en\/wp-json\/wp\/v2\/pages\/812"}],"collection":[{"href":"https:\/\/bandits-mages.antrepeaux.net\/en\/wp-json\/wp\/v2\/pages"}],"about":[{"href":"https:\/\/bandits-mages.antrepeaux.net\/en\/wp-json\/wp\/v2\/types\/page"}],"author":[{"embeddable":true,"href":"https:\/\/bandits-mages.antrepeaux.net\/en\/wp-json\/wp\/v2\/users\/1"}],"replies":[{"embeddable":true,"href":"https:\/\/bandits-mages.antrepeaux.net\/en\/wp-json\/wp\/v2\/comments?post=812"}],"version-history":[{"count":6,"href":"https:\/\/bandits-mages.antrepeaux.net\/en\/wp-json\/wp\/v2\/pages\/812\/revisions"}],"predecessor-version":[{"id":4434,"href":"https:\/\/bandits-mages.antrepeaux.net\/en\/wp-json\/wp\/v2\/pages\/812\/revisions\/4434"}],"wp:featuredmedia":[{"embeddable":true,"href":"https:\/\/bandits-mages.antrepeaux.net\/en\/wp-json\/wp\/v2\/media\/976"}],"wp:attachment":[{"href":"https:\/\/bandits-mages.antrepeaux.net\/en\/wp-json\/wp\/v2\/media?parent=812"}],"curies":[{"name":"wp","href":"https:\/\/api.w.org\/{rel}","templated":true}]}}