{"id":1838,"date":"2016-02-11T11:08:00","date_gmt":"2016-02-11T10:08:00","guid":{"rendered":"http:\/\/bandits-mages.antrepeaux.net\/?page_id=1838"},"modified":"2016-02-11T11:34:25","modified_gmt":"2016-02-11T10:34:25","slug":"prestation-de-service","status":"publish","type":"page","link":"https:\/\/bandits-mages.antrepeaux.net\/en\/prestation-de-service\/","title":{"rendered":"Prestation de service"},"content":{"rendered":"<p class=\"qtranxs-available-languages-message qtranxs-available-languages-message-en\">Sorry, this entry is only available in <a href=\"https:\/\/bandits-mages.antrepeaux.net\/fr\/wp-json\/wp\/v2\/pages\/1838\" class=\"qtranxs-available-language-link qtranxs-available-language-link-fr\" title=\"FR\">French<\/a>. For the sake of viewer convenience, the content is shown below in the alternative language. You may click the link to switch the active language.<\/p><p style=\"text-align: justify;\">Parall\u00e8lement \u00e0 ses activit\u00e9s artistiques et p\u00e9dagogiques l&#8217;association Bandits-Mages a su d\u00e9velopper des comp\u00e9tences et acqu\u00e9rir le mat\u00e9riel qui permettent de proposer des services pour les ind\u00e9pendants, les soci\u00e9t\u00e9s de production, les institutions et les entreprises.<\/p>\n<p><strong>Chacun de ces services peut faire l&#8217;objet d&#8217;une demande de devis en ligne et d&#8217;une \u00e9tude au cas par cas. Vous trouverez \u00e0 cette fin un formulaire de demande en bas de cette page.<\/strong><\/p>\n<ul>\n<li>Montage vid\u00e9o de films exp\u00e9rimentaux, fictions et documentaires<\/li>\n<li>Cr\u00e9ation de films institutionnels et d\u2019entreprise<\/li>\n<li>Captation vid\u00e9o et montage de film promotionnel pour les compagnies de danse et de th\u00e9\u00e2tre<\/li>\n<li>Num\u00e9risation de vid\u00e9os analogiques : VHS, Beta SP, U-Matic, hi8, video8, VHS-C, etc.<\/li>\n<li>Cours individuels d&#8217;initiation au montage vid\u00e9o<\/li>\n<\/ul>\n<p>Liste non-exhaustive de quelques-uns de ceux qui ont fait appel \u00e0 nous :<\/p>\n<ul>\n<li>La Maison de la Culture de Bourges<\/li>\n<li>L&#8217;association Emmetrop<\/li>\n<li>Le Th\u00e9\u00e2tre Croix-Rousse<\/li>\n<li>La FOL du Cher<\/li>\n<li>La compagnie Derni\u00e8re Minute<\/li>\n<li>Cr\u00e9aplus communication (films pour R\u00e9totub et M\u00e9capr\u00e9cis)<\/li>\n<li>Vuitton<\/li>\n<\/ul>\n<hr \/>\n<div role=\"form\" class=\"wpcf7\" id=\"wpcf7-f1842-o1\" lang=\"fr-FR\" dir=\"ltr\">\n<div class=\"screen-reader-response\"><p role=\"status\" aria-live=\"polite\" aria-atomic=\"true\"><\/p> <ul><\/ul><\/div>\n<form action=\"\/en\/wp-json\/wp\/v2\/pages\/1838#wpcf7-f1842-o1\" method=\"post\" class=\"wpcf7-form init\" novalidate=\"novalidate\" data-status=\"init\">\n<div style=\"display: none;\">\n<input type=\"hidden\" name=\"_wpcf7\" value=\"1842\" \/>\n<input type=\"hidden\" name=\"_wpcf7_version\" value=\"5.3.2\" \/>\n<input type=\"hidden\" name=\"_wpcf7_locale\" value=\"fr_FR\" \/>\n<input type=\"hidden\" name=\"_wpcf7_unit_tag\" value=\"wpcf7-f1842-o1\" \/>\n<input type=\"hidden\" name=\"_wpcf7_container_post\" value=\"0\" \/>\n<input type=\"hidden\" name=\"_wpcf7_posted_data_hash\" value=\"\" \/>\n<\/div>\n<p>Votre nom (obligatoire)<br \/>\n    <span class=\"wpcf7-form-control-wrap your-name\"><input type=\"text\" name=\"your-name\" value=\"\" size=\"40\" class=\"wpcf7-form-control wpcf7-text wpcf7-validates-as-required\" aria-required=\"true\" aria-invalid=\"false\" \/><\/span> <\/p>\n<p>Nom de votre structure (facultatif)<br \/>\n    <span class=\"wpcf7-form-control-wrap your-structure\"><input type=\"text\" name=\"your-structure\" value=\"\" size=\"40\" class=\"wpcf7-form-control wpcf7-text\" aria-invalid=\"false\" \/><\/span> <\/p>\n<p>Votre email (obligatoire)<br \/>\n    <span class=\"wpcf7-form-control-wrap your-email\"><input type=\"email\" name=\"your-email\" value=\"\" size=\"40\" class=\"wpcf7-form-control wpcf7-text wpcf7-email wpcf7-validates-as-required wpcf7-validates-as-email\" aria-required=\"true\" aria-invalid=\"false\" \/><\/span> <\/p>\n<p>T\u00e9l\u00e9phone (obligatoire)<br \/>\n    <span class=\"wpcf7-form-control-wrap your-phone\"><input type=\"text\" name=\"your-phone\" value=\"\" size=\"40\" class=\"wpcf7-form-control wpcf7-text wpcf7-validates-as-required\" aria-required=\"true\" aria-invalid=\"false\" \/><\/span> <\/p>\n<p>Par quelle type de prestation \u00eates-vous int\u00e9ress\u00e9 ?<\/p>\n<p><span class=\"wpcf7-form-control-wrap menu-472\"><select name=\"menu-472\" class=\"wpcf7-form-control wpcf7-select wpcf7-validates-as-required\" aria-required=\"true\" aria-invalid=\"false\"><option value=\"montage\">montage<\/option><option value=\"captation\">captation<\/option><option value=\"film institutionnel ou d&#039;entreprise\">film institutionnel ou d&#039;entreprise<\/option><option value=\"num\u00e9risation\">num\u00e9risation<\/option><option value=\"cours individuel de montage\">cours individuel de montage<\/option><\/select><\/span><br\/><\/p>\n<p>Description pr\u00e9cise de votre demande :<br \/>\n    <span class=\"wpcf7-form-control-wrap your-message\"><textarea name=\"your-message\" cols=\"40\" rows=\"10\" class=\"wpcf7-form-control wpcf7-textarea wpcf7-validates-as-required\" aria-required=\"true\" aria-invalid=\"false\"><\/textarea><\/span> <\/p>\n<p><input type=\"submit\" value=\"Envoyer\" class=\"wpcf7-form-control wpcf7-submit\" \/><\/p>\n<div class=\"wpcf7-response-output\" aria-hidden=\"true\"><\/div><\/form><\/div>","protected":false},"excerpt":{"rendered":"<p>Sorry, this entry is only available in French. For the sake of viewer convenience, the content is shown below in the alternative language. You may click the link to switch the active language.Parall\u00e8lement \u00e0 ses activit\u00e9s artistiques et p\u00e9dagogiques l&#8217;association Bandits-Mages a su d\u00e9velopper des comp\u00e9tences et acqu\u00e9rir le mat\u00e9riel qui permettent de proposer des&hellip;<\/p>\n","protected":false},"author":1,"featured_media":0,"parent":0,"menu_order":0,"comment_status":"closed","ping_status":"closed","template":"","meta":[],"_links":{"self":[{"href":"https:\/\/bandits-mages.antrepeaux.net\/en\/wp-json\/wp\/v2\/pages\/1838"}],"collection":[{"href":"https:\/\/bandits-mages.antrepeaux.net\/en\/wp-json\/wp\/v2\/pages"}],"about":[{"href":"https:\/\/bandits-mages.antrepeaux.net\/en\/wp-json\/wp\/v2\/types\/page"}],"author":[{"embeddable":true,"href":"https:\/\/bandits-mages.antrepeaux.net\/en\/wp-json\/wp\/v2\/users\/1"}],"replies":[{"embeddable":true,"href":"https:\/\/bandits-mages.antrepeaux.net\/en\/wp-json\/wp\/v2\/comments?post=1838"}],"version-history":[{"count":3,"href":"https:\/\/bandits-mages.antrepeaux.net\/en\/wp-json\/wp\/v2\/pages\/1838\/revisions"}],"predecessor-version":[{"id":1843,"href":"https:\/\/bandits-mages.antrepeaux.net\/en\/wp-json\/wp\/v2\/pages\/1838\/revisions\/1843"}],"wp:attachment":[{"href":"https:\/\/bandits-mages.antrepeaux.net\/en\/wp-json\/wp\/v2\/media?parent=1838"}],"curies":[{"name":"wp","href":"https:\/\/api.w.org\/{rel}","templated":true}]}}