{"id":1280,"date":"2015-04-02T19:09:19","date_gmt":"2015-04-02T17:09:19","guid":{"rendered":"http:\/\/bandits-mages.antrepeaux.net\/?page_id=1280"},"modified":"2015-04-26T05:39:53","modified_gmt":"2015-04-26T03:39:53","slug":"hall-noir-2","status":"publish","type":"page","link":"https:\/\/bandits-mages.antrepeaux.net\/en\/zaap-transmission-et-formation\/hall-noir-2\/","title":{"rendered":"Hall Noir"},"content":{"rendered":"<h3>Pavillon programmatique des \u00e9tudiants des rencontres Bandits-Mages<\/h3>\n<p>Depuis ses d\u00e9buts, Bandits-Mages est le lieu o\u00f9 est montr\u00e9 ce que produisent et cr\u00e9ent les jeunes artistes et les \u00e9tudiants d\u2019\u00e9coles d\u2019art, de cin\u00e9ma et nouveaux medias.<\/p>\n<p>Il s\u02bcest toujours agi de montrer ce que chaque nouvelle g\u00e9n\u00e9ration construit, fabrique, \u00e9tudie, avec une \u00e9nergie et une acuit\u00e9 au monde qui nous laisse entrevoir les nouvelles esth\u00e9tiques et d\u00e9marches artistiques, po\u00e9tiques et politiques \u00e0 venir. Il s\u02bcagit encore de donner \u00e0 voir des r\u00e9alisations qui t\u00e9moignent d\u2019une recherche et d\u2019un positionnement naissant r\u00e9v\u00e9lant souvent des univers encore insoup\u00e7onn\u00e9s.<br \/>\nPour cette raison, et mues par l\u2019envie intarissable de d\u00e9couvertes, les Rencontres Bandits-Mages accueilleront en novembre 2014 une programmation \u00e9labor\u00e9e avec les \u00e9tudiants eux-m\u00eames, issus d\u2019\u00e9coles d\u2019art fran\u00e7aises et \u00e9trang\u00e8res. Ils sont invit\u00e9s \u00e0 exp\u00e9rimenter collectivement des modes de diffusion artistiques et des moyens de production alternatifs.<\/p>\n<p>Ainsi, un groupe issu du plateau d\u2019exp\u00e9rimentations et d\u2019investigations Vid\u00e9a Performing Art, cr\u00e9\u00e9 en 2013 \u00e0 l\u2019occasion des pr\u00e9c\u00e9dentes Rencontres, a choisi d\u2019explorer un autre usage des objets et des moyens qui sont habituellement utilis\u00e9s dans le champs autonome de l\u2019art (exposition, conf\u00e9rence, \u00e9dition, \u00e9v\u00e9nement, d\u00e9bat) pour ouvrir le <strong>HALL NOIR : un espace prototype destin\u00e9 aux \u00e9tudiants en art, pour se consacrer \u00e0 part enti\u00e8re \u00e0 une exp\u00e9rience de diffusion artistique comme on se consacre \u00e0 une cr\u00e9ation, dans un contexte de Renovatio ou de deuxi\u00e8me Renaissance des dimensions exp\u00e9rimentales, participatives et collaboratives de l\u02bcart<\/strong>. Et ainsi proposer de rendre visible la richesse des id\u00e9es artistiques non-marchande d\u2019aujourd\u2019hui, qui ont besoin d\u2019un hors-champs, d\u2019un hors-format, pour inventer leurs propres outils et d\u00e9velopper leurs utopies culturelles.<\/p>\n<p><strong>HALL NOIR<\/strong> entend offrir aux jeunes artistes-\u00e9tudiants un ensemble d\u2019outils critiques, mat\u00e9riels, logistiques et financiers pour mettre en oeuvre et g\u00e9n\u00e9rer des programmes et des espaces visionnaires, \u00e0 eux.<\/p>\n<blockquote class=\"quote-claire\"><p><strong>\u00ab Car vous savez, ce qui fut grandiose dans les ann\u00e9es cinquante, c\u2019est que, pour un bref moment -disons, peut-\u00eatre, six semaines -, personne ne comprenait l\u2019art. Voil\u00e0 pourquoi tout est arriv\u00e9. Parce que pendant une courte p\u00e9riode, on a laiss\u00e9 les gens tranquilles. Six semaines, c\u2019est tout ce que cela prend pour que les choses d\u00e9marrent. Mais aujourd\u2019hui, il n\u2019existe plus d\u2019endroit dans ces villes o\u00f9 se cacher pendant six semaines. Voil\u00e0 ce \u00e0 quoi cela ressemblait, d\u2019\u00eatre un artiste \u00e0 New York, Paris ou ailleurs. \u00bb<\/strong><\/p>\n<p>Solange Morlon, ancienne \u00e9tudiante du Black Mountain College, structure exp\u00e9rimentale d\u02bc\u00e9cole d\u2019art et p\u00f4le de cr\u00e9ativit\u00e9 dans la lign\u00e9e \u00e9minente du Bauhaus allemand en activit\u00e9 de 1933 \u00e0 1957 dans les montagnes de Caroline du Nord aux Etats-Unis.<\/p><\/blockquote>\n<h4>Fonctionnement<\/h4>\n<p>Le processus de d\u00e9veloppement du programme est pens\u00e9 comme un espace de travail collectif fait de recherches et de rencontres, qui associe \u00e9tudiants et artistes, au travers de plages de temps et d\u2019ateliers o\u00f9 \u00e9changer, essayer, inventer, faire ; accompagnant les sp\u00e9cificit\u00e9s et les dur\u00e9es particuli\u00e8res de chaque proposition jusqu\u2019\u00e0 leur organisation en s\u00e9ance de pr\u00e9sentation dans le cadre des Rencontres Bandits-Mages dans des lieux pouvant potentiellement accueillir le <strong>HALL NOIR<\/strong> : salle de cin\u00e9ma, mus\u00e9e, galerie, th\u00e9\u00e2tre, centre d\u2019art, espace public, ou des lieux interm\u00e9diaires que certains appellent alternatifs, d\u02bcautres habit\u00e9s, \u00e0 Bourges.<\/p>\n<p>Un appel est lanc\u00e9 aupr\u00e8s des jeunes artistes et \u00e9tudiants qui souhaitent int\u00e9grer l\u2019\u00e9quipe de programmation ou simplement proposer un projet, une performance, un film.<\/p>\n<p><img loading=\"lazy\" class=\" size-full wp-image-1284 alignleft\" src=\"http:\/\/bandits-mages.antrepeaux.net\/wp-content\/uploads\/2015\/04\/davidLegrand.png\" alt=\"David Legrand\" width=\"150\" height=\"150\" \/><strong><span style=\"text-decoration: underline;\">Coordination :<\/span><\/strong><br \/>\n<strong>David Legrand<\/strong><br \/>\n<em>artiste collectif, cin\u00e9-vid\u00e9aste, installationniste, acteur, dialoguiste et membre fondateur de la galerie du cartable.<\/em><\/p>\n<p>&nbsp;<\/p>\n<p>&nbsp;<\/p>\n<hr \/>\n<p><em>Image en exergue : vue de l&#8217;installation &#8220;Go-go Parade !&#8221; &#8211; Violaine Higelin &#8211; 2014.<\/em><\/p>\n","protected":false},"excerpt":{"rendered":"<p>Pavillon programmatique des \u00e9tudiants des rencontres Bandits-Mages Depuis ses d\u00e9buts, Bandits-Mages est le lieu o\u00f9 est montr\u00e9 ce que produisent et cr\u00e9ent les jeunes artistes et les \u00e9tudiants d\u2019\u00e9coles d\u2019art, de cin\u00e9ma et nouveaux medias. Il s\u02bcest toujours agi de montrer ce que chaque nouvelle g\u00e9n\u00e9ration construit, fabrique, \u00e9tudie, avec une \u00e9nergie et une acuit\u00e9&hellip;<\/p>\n","protected":false},"author":1,"featured_media":1287,"parent":934,"menu_order":0,"comment_status":"closed","ping_status":"closed","template":"","meta":[],"_links":{"self":[{"href":"https:\/\/bandits-mages.antrepeaux.net\/en\/wp-json\/wp\/v2\/pages\/1280"}],"collection":[{"href":"https:\/\/bandits-mages.antrepeaux.net\/en\/wp-json\/wp\/v2\/pages"}],"about":[{"href":"https:\/\/bandits-mages.antrepeaux.net\/en\/wp-json\/wp\/v2\/types\/page"}],"author":[{"embeddable":true,"href":"https:\/\/bandits-mages.antrepeaux.net\/en\/wp-json\/wp\/v2\/users\/1"}],"replies":[{"embeddable":true,"href":"https:\/\/bandits-mages.antrepeaux.net\/en\/wp-json\/wp\/v2\/comments?post=1280"}],"version-history":[{"count":7,"href":"https:\/\/bandits-mages.antrepeaux.net\/en\/wp-json\/wp\/v2\/pages\/1280\/revisions"}],"predecessor-version":[{"id":1289,"href":"https:\/\/bandits-mages.antrepeaux.net\/en\/wp-json\/wp\/v2\/pages\/1280\/revisions\/1289"}],"up":[{"embeddable":true,"href":"https:\/\/bandits-mages.antrepeaux.net\/en\/wp-json\/wp\/v2\/pages\/934"}],"wp:featuredmedia":[{"embeddable":true,"href":"https:\/\/bandits-mages.antrepeaux.net\/en\/wp-json\/wp\/v2\/media\/1287"}],"wp:attachment":[{"href":"https:\/\/bandits-mages.antrepeaux.net\/en\/wp-json\/wp\/v2\/media?parent=1280"}],"curies":[{"name":"wp","href":"https:\/\/api.w.org\/{rel}","templated":true}]}}